{"id":160,"date":"2023-12-01T18:56:15","date_gmt":"2023-12-01T18:56:15","guid":{"rendered":"https:\/\/intrard.com\/?page_id=160"},"modified":"2023-12-08T20:38:38","modified_gmt":"2023-12-08T20:38:38","slug":"www-intrard-com","status":"publish","type":"page","link":"https:\/\/intrard.com\/index.php\/www-intrard-com\/","title":{"rendered":"IntraRD"},"content":{"rendered":"<p><img decoding=\"async\" src=\"http:\/\/intrard.com\/wp-content\/uploads\/2023\/11\/cropped-intra-sola-.png\" title=\"intra sola\" alt=\"intra sola\" loading=\"lazy\" \/><br \/>\n\t\t\t<a href=\"https:\/\/www.instagram.com\/intra.rd\/\"><br \/>\n\t\t\t\t\t\tInicio<br \/>\n\t\t\t\t\t<\/a><\/p>\n<h4>Estrategia de Seguridad&nbsp;Integrada para Instituciones.<\/h4>\n<h1>Consultor\u00eda para Prevenci\u00f3n de Violencia.<\/h1>\n<p>Transformar instituciones de est\u00e1ndares \u00f3ptimos a superiores creando ambientes mucho m\u00e1s seguros e inigualables.<\/p>\n<p>\t\t\t<a href=\"http:\/\/www.planificacion@intrasolutionsrd.com\"><br \/>\n\t\t\t\t\t\tContacto<br \/>\n\t\t\t\t\t<\/a><\/p>\n<h2>Este Website esta en <br \/>mantenimiento<\/h2>\n<p>Estamos realizando importantes cambios en esta pagina web<br \/>si deseas ponerte en contacto con nosotros sigue estos pasos.<\/p>\n<p>\t\t\t\t<a href=\"http:\/\/www.planificacion@intrasolutionsrd.com\" target=\"_blank\" tabindex=\"-1\" rel=\"noopener\"><br \/>\n\t\t\t\t<svg aria-hidden=\"true\" viewBox=\"0 0 576 512\" xmlns=\"http:\/\/www.w3.org\/2000\/svg\"><path d=\"M160 448c-25.6 0-51.2-22.4-64-32-64-44.8-83.2-60.8-96-70.4V480c0 17.67 14.33 32 32 32h256c17.67 0 32-14.33 32-32V345.6c-12.8 9.6-32 25.6-96 70.4-12.8 9.6-38.4 32-64 32zm128-192H32c-17.67 0-32 14.33-32 32v16c25.6 19.2 22.4 19.2 115.2 86.4 9.6 6.4 28.8 25.6 44.8 25.6s35.2-19.2 44.8-22.4c92.8-67.2 89.6-67.2 115.2-86.4V288c0-17.67-14.33-32-32-32zm256-96H224c-17.67 0-32 14.33-32 32v32h96c33.21 0 60.59 25.42 63.71 57.82l.29-.22V416h192c17.67 0 32-14.33 32-32V192c0-17.67-14.33-32-32-32zm-32 128h-64v-64h64v64zm-352-96c0-35.29 28.71-64 64-64h224V32c0-17.67-14.33-32-32-32H96C78.33 0 64 14.33 64 32v192h96v-32z\"><\/path><\/svg>\t\t\t\t<\/a><\/p>\n<h3>\n\t\t\t\t\t<a href=\"http:\/\/www.planificacion@intrasolutionsrd.com\" target=\"_blank\" rel=\"noopener\"><br \/>\n\t\t\t\t\t\tEnvianos un correo a:\t\t\t\t\t<\/a><br \/>\n\t\t\t\t<\/h3>\n<p>\n\t\t\t\t\t\twww.Planificacion@intrasolutionsrd.com\t\t\t\t\t<\/p>\n<p>\t\t\t\t<a href=\"https:\/\/www.instagram.com\/intra.rd\/\" target=\"_blank\" tabindex=\"-1\" rel=\"noopener\"><br \/>\n\t\t\t\t<svg aria-hidden=\"true\" viewBox=\"0 0 448 512\" xmlns=\"http:\/\/www.w3.org\/2000\/svg\"><path d=\"M224.1 141c-63.6 0-114.9 51.3-114.9 114.9s51.3 114.9 114.9 114.9S339 319.5 339 255.9 287.7 141 224.1 141zm0 189.6c-41.1 0-74.7-33.5-74.7-74.7s33.5-74.7 74.7-74.7 74.7 33.5 74.7 74.7-33.6 74.7-74.7 74.7zm146.4-194.3c0 14.9-12 26.8-26.8 26.8-14.9 0-26.8-12-26.8-26.8s12-26.8 26.8-26.8 26.8 12 26.8 26.8zm76.1 27.2c-1.7-35.9-9.9-67.7-36.2-93.9-26.2-26.2-58-34.4-93.9-36.2-37-2.1-147.9-2.1-184.9 0-35.8 1.7-67.6 9.9-93.9 36.1s-34.4 58-36.2 93.9c-2.1 37-2.1 147.9 0 184.9 1.7 35.9 9.9 67.7 36.2 93.9s58 34.4 93.9 36.2c37 2.1 147.9 2.1 184.9 0 35.9-1.7 67.7-9.9 93.9-36.2 26.2-26.2 34.4-58 36.2-93.9 2.1-37 2.1-147.8 0-184.8zM398.8 388c-7.8 19.6-22.9 34.7-42.6 42.6-29.5 11.7-99.5 9-132.1 9s-102.7 2.6-132.1-9c-19.6-7.8-34.7-22.9-42.6-42.6-11.7-29.5-9-99.5-9-132.1s-2.6-102.7 9-132.1c7.8-19.6 22.9-34.7 42.6-42.6 29.5-11.7 99.5-9 132.1-9s102.7-2.6 132.1 9c19.6 7.8 34.7 22.9 42.6 42.6 11.7 29.5 9 99.5 9 132.1s2.7 102.7-9 132.1z\"><\/path><\/svg>\t\t\t\t<\/a><\/p>\n<h3>\n\t\t\t\t\t<a href=\"https:\/\/www.instagram.com\/intra.rd\/\" target=\"_blank\" rel=\"noopener\"><br \/>\n\t\t\t\t\t\tSuscribirse\t\t\t\t\t<\/a><br \/>\n\t\t\t\t<\/h3>\n<p>\n\t\t\t\t\t\tSiguenos en las redes.\t\t\t\t\t<\/p>\n","protected":false},"excerpt":{"rendered":"<p>Inicio Estrategia de Seguridad&nbsp;Integrada para Instituciones. Consultor\u00eda para Prevenci\u00f3n de Violencia. Transformar instituciones de est\u00e1ndares \u00f3ptimos a superiores creando ambientes mucho m\u00e1s seguros e inigualables. Contacto Este Website esta en mantenimiento Estamos realizando importantes cambios en esta pagina websi deseas ponerte en contacto con nosotros sigue estos pasos. Envianos un correo a: www.Planificacion@intrasolutionsrd.com Suscribirse Siguenos [&hellip;]<\/p>\n","protected":false},"author":1,"featured_media":0,"parent":0,"menu_order":0,"comment_status":"closed","ping_status":"closed","template":"elementor_canvas","meta":{"_uag_custom_page_level_css":"","footnotes":""},"class_list":["post-160","page","type-page","status-publish","hentry"],"blocksy_meta":[],"yoast_head":"<!-- This site is optimized with the Yoast SEO plugin v26.3 - https:\/\/yoast.com\/wordpress\/plugins\/seo\/ -->\n<title>IntraRD IntraRD<\/title>\n<meta name=\"description\" content=\"Consultores de Seguridad F\u00edsica y General para Centros de Salud e Instituciones con Entornos de Operaciones con Alto Riesgo y Complejas.\" \/>\n<meta name=\"robots\" content=\"index, follow, max-snippet:-1, max-image-preview:large, max-video-preview:-1\" \/>\n<link rel=\"canonical\" href=\"https:\/\/intrard.com\/index.php\/www-intrard-com\/\" \/>\n<meta property=\"og:locale\" content=\"es_ES\" \/>\n<meta property=\"og:type\" content=\"article\" \/>\n<meta property=\"og:title\" content=\"IntraRD.com\" \/>\n<meta property=\"og:description\" content=\"Consultores de Seguridad F\u00edsica y General para Centros de Salud e Instituciones con Entornos de Operaciones con Alto Riesgo y Complejas.\" \/>\n<meta property=\"og:url\" content=\"https:\/\/intrard.com\/index.php\/www-intrard-com\/\" \/>\n<meta property=\"og:site_name\" content=\"IntraRD\" \/>\n<meta property=\"article:modified_time\" content=\"2023-12-08T20:38:38+00:00\" \/>\n<meta property=\"og:image\" content=\"http:\/\/intrard.com\/wp-content\/uploads\/2023\/11\/intra-sola-.png\" \/>\n\t<meta property=\"og:image:width\" content=\"27930\" \/>\n\t<meta property=\"og:image:height\" content=\"2930\" \/>\n\t<meta property=\"og:image:type\" content=\"image\/png\" \/>\n<meta name=\"twitter:card\" content=\"summary_large_image\" \/>\n<meta name=\"twitter:label1\" content=\"Est. reading time\" \/>\n\t<meta name=\"twitter:data1\" content=\"1 minuto\" \/>\n<script type=\"application\/ld+json\" class=\"yoast-schema-graph\">{\"@context\":\"https:\/\/schema.org\",\"@graph\":[{\"@type\":\"WebPage\",\"@id\":\"https:\/\/intrard.com\/index.php\/www-intrard-com\/\",\"url\":\"https:\/\/intrard.com\/index.php\/www-intrard-com\/\",\"name\":\"IntraRD IntraRD\",\"isPartOf\":{\"@id\":\"https:\/\/intrard.com\/#website\"},\"primaryImageOfPage\":{\"@id\":\"https:\/\/intrard.com\/index.php\/www-intrard-com\/#primaryimage\"},\"image\":{\"@id\":\"https:\/\/intrard.com\/index.php\/www-intrard-com\/#primaryimage\"},\"thumbnailUrl\":\"http:\/\/intrard.com\/wp-content\/uploads\/2023\/11\/cropped-intra-sola-.png\",\"datePublished\":\"2023-12-01T18:56:15+00:00\",\"dateModified\":\"2023-12-08T20:38:38+00:00\",\"description\":\"Consultores de Seguridad F\u00edsica y General para Centros de Salud e Instituciones con Entornos de Operaciones con Alto Riesgo y Complejas.\",\"breadcrumb\":{\"@id\":\"https:\/\/intrard.com\/index.php\/www-intrard-com\/#breadcrumb\"},\"inLanguage\":\"es-DO\",\"potentialAction\":[{\"@type\":\"ReadAction\",\"target\":[\"https:\/\/intrard.com\/index.php\/www-intrard-com\/\"]}]},{\"@type\":\"ImageObject\",\"inLanguage\":\"es-DO\",\"@id\":\"https:\/\/intrard.com\/index.php\/www-intrard-com\/#primaryimage\",\"url\":\"http:\/\/intrard.com\/wp-content\/uploads\/2023\/11\/cropped-intra-sola-.png\",\"contentUrl\":\"http:\/\/intrard.com\/wp-content\/uploads\/2023\/11\/cropped-intra-sola-.png\"},{\"@type\":\"BreadcrumbList\",\"@id\":\"https:\/\/intrard.com\/index.php\/www-intrard-com\/#breadcrumb\",\"itemListElement\":[{\"@type\":\"ListItem\",\"position\":1,\"name\":\"Home\",\"item\":\"https:\/\/intrard.com\/\"},{\"@type\":\"ListItem\",\"position\":2,\"name\":\"IntraRD\"}]},{\"@type\":\"WebSite\",\"@id\":\"https:\/\/intrard.com\/#website\",\"url\":\"https:\/\/intrard.com\/\",\"name\":\"IntraRD\",\"description\":\"Consultores de seguridad f\u00edsica y general para centros de salud e instituciones con entornos de operaciones con alto riesgo y complejas.\",\"publisher\":{\"@id\":\"https:\/\/intrard.com\/#organization\"},\"potentialAction\":[{\"@type\":\"SearchAction\",\"target\":{\"@type\":\"EntryPoint\",\"urlTemplate\":\"https:\/\/intrard.com\/?s={search_term_string}\"},\"query-input\":{\"@type\":\"PropertyValueSpecification\",\"valueRequired\":true,\"valueName\":\"search_term_string\"}}],\"inLanguage\":\"es-DO\"},{\"@type\":\"Organization\",\"@id\":\"https:\/\/intrard.com\/#organization\",\"name\":\"IntraRD\",\"url\":\"https:\/\/intrard.com\/\",\"logo\":{\"@type\":\"ImageObject\",\"inLanguage\":\"es-DO\",\"@id\":\"https:\/\/intrard.com\/#\/schema\/logo\/image\/\",\"url\":\"\",\"contentUrl\":\"\",\"caption\":\"IntraRD\"},\"image\":{\"@id\":\"https:\/\/intrard.com\/#\/schema\/logo\/image\/\"}}]}<\/script>\n<!-- \/ Yoast SEO plugin. -->","yoast_head_json":{"title":"IntraRD IntraRD","description":"Consultores de Seguridad F\u00edsica y General para Centros de Salud e Instituciones con Entornos de Operaciones con Alto Riesgo y Complejas.","robots":{"index":"index","follow":"follow","max-snippet":"max-snippet:-1","max-image-preview":"max-image-preview:large","max-video-preview":"max-video-preview:-1"},"canonical":"https:\/\/intrard.com\/index.php\/www-intrard-com\/","og_locale":"es_ES","og_type":"article","og_title":"IntraRD.com","og_description":"Consultores de Seguridad F\u00edsica y General para Centros de Salud e Instituciones con Entornos de Operaciones con Alto Riesgo y Complejas.","og_url":"https:\/\/intrard.com\/index.php\/www-intrard-com\/","og_site_name":"IntraRD","article_modified_time":"2023-12-08T20:38:38+00:00","og_image":[{"width":27930,"height":2930,"url":"http:\/\/intrard.com\/wp-content\/uploads\/2023\/11\/intra-sola-.png","type":"image\/png"}],"twitter_card":"summary_large_image","twitter_misc":{"Est. reading time":"1 minuto"},"schema":{"@context":"https:\/\/schema.org","@graph":[{"@type":"WebPage","@id":"https:\/\/intrard.com\/index.php\/www-intrard-com\/","url":"https:\/\/intrard.com\/index.php\/www-intrard-com\/","name":"IntraRD IntraRD","isPartOf":{"@id":"https:\/\/intrard.com\/#website"},"primaryImageOfPage":{"@id":"https:\/\/intrard.com\/index.php\/www-intrard-com\/#primaryimage"},"image":{"@id":"https:\/\/intrard.com\/index.php\/www-intrard-com\/#primaryimage"},"thumbnailUrl":"http:\/\/intrard.com\/wp-content\/uploads\/2023\/11\/cropped-intra-sola-.png","datePublished":"2023-12-01T18:56:15+00:00","dateModified":"2023-12-08T20:38:38+00:00","description":"Consultores de Seguridad F\u00edsica y General para Centros de Salud e Instituciones con Entornos de Operaciones con Alto Riesgo y Complejas.","breadcrumb":{"@id":"https:\/\/intrard.com\/index.php\/www-intrard-com\/#breadcrumb"},"inLanguage":"es-DO","potentialAction":[{"@type":"ReadAction","target":["https:\/\/intrard.com\/index.php\/www-intrard-com\/"]}]},{"@type":"ImageObject","inLanguage":"es-DO","@id":"https:\/\/intrard.com\/index.php\/www-intrard-com\/#primaryimage","url":"http:\/\/intrard.com\/wp-content\/uploads\/2023\/11\/cropped-intra-sola-.png","contentUrl":"http:\/\/intrard.com\/wp-content\/uploads\/2023\/11\/cropped-intra-sola-.png"},{"@type":"BreadcrumbList","@id":"https:\/\/intrard.com\/index.php\/www-intrard-com\/#breadcrumb","itemListElement":[{"@type":"ListItem","position":1,"name":"Home","item":"https:\/\/intrard.com\/"},{"@type":"ListItem","position":2,"name":"IntraRD"}]},{"@type":"WebSite","@id":"https:\/\/intrard.com\/#website","url":"https:\/\/intrard.com\/","name":"IntraRD","description":"Consultores de seguridad f\u00edsica y general para centros de salud e instituciones con entornos de operaciones con alto riesgo y complejas.","publisher":{"@id":"https:\/\/intrard.com\/#organization"},"potentialAction":[{"@type":"SearchAction","target":{"@type":"EntryPoint","urlTemplate":"https:\/\/intrard.com\/?s={search_term_string}"},"query-input":{"@type":"PropertyValueSpecification","valueRequired":true,"valueName":"search_term_string"}}],"inLanguage":"es-DO"},{"@type":"Organization","@id":"https:\/\/intrard.com\/#organization","name":"IntraRD","url":"https:\/\/intrard.com\/","logo":{"@type":"ImageObject","inLanguage":"es-DO","@id":"https:\/\/intrard.com\/#\/schema\/logo\/image\/","url":"","contentUrl":"","caption":"IntraRD"},"image":{"@id":"https:\/\/intrard.com\/#\/schema\/logo\/image\/"}}]}},"uagb_featured_image_src":{"full":false,"thumbnail":false,"medium":false,"medium_large":false,"large":false,"1536x1536":false,"2048x2048":false},"uagb_author_info":{"display_name":"intrard.com","author_link":"https:\/\/intrard.com\/index.php\/author\/intrard-com\/"},"uagb_comment_info":0,"uagb_excerpt":"Inicio Estrategia de Seguridad&nbsp;Integrada para Instituciones. Consultor\u00eda para Prevenci\u00f3n de Violencia. Transformar instituciones de est\u00e1ndares \u00f3ptimos a superiores creando ambientes mucho m\u00e1s seguros e inigualables. Contacto Este Website esta en mantenimiento Estamos realizando importantes cambios en esta pagina websi deseas ponerte en contacto con nosotros sigue estos pasos. Envianos un correo a: www.Planificacion@intrasolutionsrd.com Suscribirse Siguenos&hellip;","_links":{"self":[{"href":"https:\/\/intrard.com\/index.php\/wp-json\/wp\/v2\/pages\/160","targetHints":{"allow":["GET"]}}],"collection":[{"href":"https:\/\/intrard.com\/index.php\/wp-json\/wp\/v2\/pages"}],"about":[{"href":"https:\/\/intrard.com\/index.php\/wp-json\/wp\/v2\/types\/page"}],"author":[{"embeddable":true,"href":"https:\/\/intrard.com\/index.php\/wp-json\/wp\/v2\/users\/1"}],"replies":[{"embeddable":true,"href":"https:\/\/intrard.com\/index.php\/wp-json\/wp\/v2\/comments?post=160"}],"version-history":[{"count":41,"href":"https:\/\/intrard.com\/index.php\/wp-json\/wp\/v2\/pages\/160\/revisions"}],"predecessor-version":[{"id":219,"href":"https:\/\/intrard.com\/index.php\/wp-json\/wp\/v2\/pages\/160\/revisions\/219"}],"wp:attachment":[{"href":"https:\/\/intrard.com\/index.php\/wp-json\/wp\/v2\/media?parent=160"}],"curies":[{"name":"wp","href":"https:\/\/api.w.org\/{rel}","templated":true}]}}